{"id":1916,"date":"2022-02-15T23:23:54","date_gmt":"2022-02-15T21:23:54","guid":{"rendered":"http:\/\/massatelier-donath.de\/?page_id=1916"},"modified":"2022-02-15T23:37:56","modified_gmt":"2022-02-15T21:37:56","slug":"partner","status":"publish","type":"page","link":"http:\/\/massatelier-donath.de\/?page_id=1916","title":{"rendered":"Partner"},"content":{"rendered":"\n<p class=\"has-normal-font-size\">Mit nachfolgend genannten Partnern haben wir sehr gute Erfahrungen gemacht. Daher sprechen wir gern unsere pers\u00f6nliche Empfehlung aus.<\/p>\n\n\n\n<ul class=\"wp-block-list\"><li><a rel=\"noreferrer noopener\" href=\"https:\/\/www.ruelcker.de\/\" target=\"_blank\">Gartenbau R\u00fclcker<\/a>  in Dresden-Strehlen empfehlen wir Ihnen f\u00fcr die florale Ausgestaltung Ihrer Hochzeit, inkl. Brautstrau\u00df. Auch unser Schaufenster gestalten wir immer wieder mit Blumen und Pflanzen aus dieser G\u00e4rtnerei. <\/li><li><a href=\"https:\/\/www.julia-funke.com\/\" target=\"_blank\" rel=\"noreferrer noopener\">Julia Funke Photography<\/a><\/li><li><a rel=\"noreferrer noopener\" href=\"https:\/\/www.wedding4ever.de\/\" target=\"_blank\">Fotostudio Kai Reichelt <\/a><\/li><li><a href=\"http:\/\/ihr-hochzeitsgesang.de\">Kathrin Duschek<\/a> S\u00e4ngerin f\u00fcr Hochzeiten und andere Anl\u00e4sse<\/li><li><a rel=\"noreferrer noopener\" href=\"http:\/\/www.gd-gebaeude.de\/\" target=\"_blank\">Geb\u00e4udemanagement Dresden<\/a>  Immobilienverwaltung, Geb\u00e4udereinigung, Winterdienst und Hausmeisterservice<\/li><li><a rel=\"noreferrer noopener\" href=\"http:\/\/gitarrino.de\/\" target=\"_blank\">Gitarrino<\/a> Mobiler Gitarrenunterricht<\/li><li><a href=\"https:\/\/www.anettemaro.com\/\">Anette Maro Art <\/a> Kunst, Design &amp; Illustration<\/li><\/ul>\n","protected":false},"excerpt":{"rendered":"<p>Mit nachfolgend genannten Partnern haben wir sehr gute Erfahrungen gemacht. Daher sprechen wir gern unsere pers\u00f6nliche Empfehlung aus. Gartenbau R\u00fclcker in Dresden-Strehlen empfehlen wir Ihnen &hellip;<\/p>\n","protected":false},"author":1,"featured_media":0,"parent":0,"menu_order":0,"comment_status":"closed","ping_status":"closed","template":"","meta":{"ngg_post_thumbnail":0,"footnotes":""},"class_list":["post-1916","page","type-page","status-publish","hentry"],"_links":{"self":[{"href":"http:\/\/massatelier-donath.de\/index.php?rest_route=\/wp\/v2\/pages\/1916","targetHints":{"allow":["GET"]}}],"collection":[{"href":"http:\/\/massatelier-donath.de\/index.php?rest_route=\/wp\/v2\/pages"}],"about":[{"href":"http:\/\/massatelier-donath.de\/index.php?rest_route=\/wp\/v2\/types\/page"}],"author":[{"embeddable":true,"href":"http:\/\/massatelier-donath.de\/index.php?rest_route=\/wp\/v2\/users\/1"}],"replies":[{"embeddable":true,"href":"http:\/\/massatelier-donath.de\/index.php?rest_route=%2Fwp%2Fv2%2Fcomments&post=1916"}],"version-history":[{"count":2,"href":"http:\/\/massatelier-donath.de\/index.php?rest_route=\/wp\/v2\/pages\/1916\/revisions"}],"predecessor-version":[{"id":1943,"href":"http:\/\/massatelier-donath.de\/index.php?rest_route=\/wp\/v2\/pages\/1916\/revisions\/1943"}],"wp:attachment":[{"href":"http:\/\/massatelier-donath.de\/index.php?rest_route=%2Fwp%2Fv2%2Fmedia&parent=1916"}],"curies":[{"name":"wp","href":"https:\/\/api.w.org\/{rel}","templated":true}]}}