{"id":1895,"date":"2022-02-15T23:50:33","date_gmt":"2022-02-15T21:50:33","guid":{"rendered":"http:\/\/massatelier-donath.de\/?page_id=1895"},"modified":"2022-02-16T15:58:36","modified_gmt":"2022-02-16T13:58:36","slug":"so-entsteht-ihr-kleid","status":"publish","type":"page","link":"http:\/\/massatelier-donath.de\/?page_id=1895","title":{"rendered":"So entsteht Ihr Kleid"},"content":{"rendered":"\n<p class=\"has-accent-1-color has-text-color has-large-font-size\">Treten Sie ein in unser Atelier und lassen Sie sich von uns an die Hand nehmen auf dem Weg zu Ihrem Traumkleid oder Traumoutfit.<\/p>\n\n\n\n<p>Vielleicht haben Sie ein Foto, eine Zeichnung oder ein verschlissenes Lieblingskleid als Idee f\u00fcr Ihr Modell. Wenn nicht, kein Problem! Nachdem wir \u00fcber Ihre W\u00fcnsche und den Anlass gesprochen haben, zeichnen wir Ihnen den Entwurf und so k\u00f6nnen Sie schon den ersten Blick auf Ihr werdendes Kleid werfen.<\/p>\n\n\n\n<p>Viele Detailfragen lassen sich sp\u00e4ter noch kl\u00e4ren, jetzt geht es erst einmal zur Stoffauswahl.<\/p>\n\n\n\n<figure class=\"wp-block-image size-large\"><a href=\"http:\/\/massatelier-donath.de\/wp-content\/uploads\/Infografik_Massanfertigungablauf_bordeaux.jpg\"><img loading=\"lazy\" decoding=\"async\" width=\"1024\" height=\"277\" src=\"http:\/\/massatelier-donath.de\/wp-content\/uploads\/Infografik_Massanfertigungablauf_bordeaux-1024x277.jpg\" alt=\"\" class=\"wp-image-1896\" srcset=\"http:\/\/massatelier-donath.de\/wp-content\/uploads\/Infografik_Massanfertigungablauf_bordeaux-1024x277.jpg 1024w, http:\/\/massatelier-donath.de\/wp-content\/uploads\/Infografik_Massanfertigungablauf_bordeaux-300x81.jpg 300w, http:\/\/massatelier-donath.de\/wp-content\/uploads\/Infografik_Massanfertigungablauf_bordeaux-768x208.jpg 768w, http:\/\/massatelier-donath.de\/wp-content\/uploads\/Infografik_Massanfertigungablauf_bordeaux-1536x415.jpg 1536w, http:\/\/massatelier-donath.de\/wp-content\/uploads\/Infografik_Massanfertigungablauf_bordeaux-100x27.jpg 100w, http:\/\/massatelier-donath.de\/wp-content\/uploads\/Infografik_Massanfertigungablauf_bordeaux-150x41.jpg 150w, http:\/\/massatelier-donath.de\/wp-content\/uploads\/Infografik_Massanfertigungablauf_bordeaux-200x54.jpg 200w, http:\/\/massatelier-donath.de\/wp-content\/uploads\/Infografik_Massanfertigungablauf_bordeaux-450x122.jpg 450w, http:\/\/massatelier-donath.de\/wp-content\/uploads\/Infografik_Massanfertigungablauf_bordeaux-600x162.jpg 600w, http:\/\/massatelier-donath.de\/wp-content\/uploads\/Infografik_Massanfertigungablauf_bordeaux-900x243.jpg 900w, http:\/\/massatelier-donath.de\/wp-content\/uploads\/Infografik_Massanfertigungablauf_bordeaux.jpg 1542w\" sizes=\"auto, (max-width: 1024px) 100vw, 1024px\" \/><\/a><\/figure>\n\n\n\n<p>Stoffproben in unz\u00e4hligen Farben und Qualit\u00e4ten, wie Seide, Spitze, Wolle, Samt, Satin, Chiffon und vieles mehr, stehen zur Auswahl. Keine Angst, dank jahrelanger Erfahrung beraten wir Sie typ- und modellgerecht, sodass die Wahl nicht zur Qual wird.<\/p>\n\n\n\n<p>Ist diese getroffen geht es zum Ma\u00dfnehmen. Tragen Sie einen gutsitzenden BH oder gar die W\u00e4sche, die sp\u00e4ter darunter getragen werden soll, verbessert das die Ma\u00df- und Passgenauigkeit bei der <span class=\"has-inline-color has-accent-1-color\">1.Anprobe.<\/span><\/p>\n\n\n\n<p><span class=\"has-inline-color has-accent-1-color\">Diese folgt ein paar Tage oder Wochen sp\u00e4ter. Nun sehen wir, ob das Kleid ihren Vorstellungen entspricht und \u00e4ndern und besprechen Details. Ausschnitttiefe, Kleidl\u00e4nge, Bequemlichkeitszugaben, Schlitzh\u00f6he, \u00c4rmeleinsatz \u2013 alles wird kontrolliert und optimiert.<\/span><\/p>\n\n\n\n<p>Zur 2. Anprobe ist dann Ihr Kleid schon fast fertig, Kleinigkeiten werden noch korrigiert und die Vorfreude w\u00e4chst.<\/p>\n\n\n\n<p>Zur Fertigstellung, die ungef\u00e4hr vier bis zw\u00f6lf Wochen nach unserem ersten Kennenlernen stattfindet, wird das Kleid noch einmal angezogen, es gibt ein paar Tipps zu Pflege und Aufbewahrung, damit Sie lange Freude haben an Ihrem neuen Lieblingskleid.<\/p>\n","protected":false},"excerpt":{"rendered":"<p>Treten Sie ein in unser Atelier und lassen Sie sich von uns an die Hand nehmen auf dem Weg zu Ihrem Traumkleid oder Traumoutfit. Vielleicht &hellip;<\/p>\n","protected":false},"author":1,"featured_media":0,"parent":0,"menu_order":0,"comment_status":"closed","ping_status":"closed","template":"","meta":{"ngg_post_thumbnail":0,"footnotes":""},"class_list":["post-1895","page","type-page","status-publish","hentry"],"_links":{"self":[{"href":"http:\/\/massatelier-donath.de\/index.php?rest_route=\/wp\/v2\/pages\/1895","targetHints":{"allow":["GET"]}}],"collection":[{"href":"http:\/\/massatelier-donath.de\/index.php?rest_route=\/wp\/v2\/pages"}],"about":[{"href":"http:\/\/massatelier-donath.de\/index.php?rest_route=\/wp\/v2\/types\/page"}],"author":[{"embeddable":true,"href":"http:\/\/massatelier-donath.de\/index.php?rest_route=\/wp\/v2\/users\/1"}],"replies":[{"embeddable":true,"href":"http:\/\/massatelier-donath.de\/index.php?rest_route=%2Fwp%2Fv2%2Fcomments&post=1895"}],"version-history":[{"count":3,"href":"http:\/\/massatelier-donath.de\/index.php?rest_route=\/wp\/v2\/pages\/1895\/revisions"}],"predecessor-version":[{"id":2020,"href":"http:\/\/massatelier-donath.de\/index.php?rest_route=\/wp\/v2\/pages\/1895\/revisions\/2020"}],"wp:attachment":[{"href":"http:\/\/massatelier-donath.de\/index.php?rest_route=%2Fwp%2Fv2%2Fmedia&parent=1895"}],"curies":[{"name":"wp","href":"https:\/\/api.w.org\/{rel}","templated":true}]}}