{"id":1879,"date":"2022-02-15T23:48:15","date_gmt":"2022-02-15T21:48:15","guid":{"rendered":"http:\/\/massatelier-donath.de\/?page_id=1879"},"modified":"2022-02-16T15:37:46","modified_gmt":"2022-02-16T13:37:46","slug":"leistungen","status":"publish","type":"page","link":"http:\/\/massatelier-donath.de\/?page_id=1879","title":{"rendered":"Leistungen"},"content":{"rendered":"\n<h2 class=\"has-accent-1-color has-text-color has-larger-font-size wp-block-heading\" id=\"individuelle-massanfertigung-anderungsservice\"><mark style=\"background-color:rgba(0, 0, 0, 0)\" class=\"has-inline-color has-accent-2-color\">Individuelle Ma\u00dfanfertigung &amp; \u00c4nderungsservice<\/mark><\/h2>\n\n\n\n<div class=\"wp-block-media-text is-stacked-on-mobile\" style=\"grid-template-columns:54% auto\"><figure class=\"wp-block-media-text__media\"><img decoding=\"async\" src=\"https:\/\/www.anettemaro.art\/wp-content\/uploads\/2022\/02\/2CD-Credo4_Zeichenflaeche-1-1024x424.jpg\" alt=\"\" class=\"wp-image-560 size-full\"\/><\/figure><div class=\"wp-block-media-text__content\">\n<p class=\"has-text-align-left has-accent-1-color has-text-color\"><strong>Wir fertigen f\u00fcr Sie:<\/strong><\/p>\n\n\n\n<p class=\"has-text-align-left has-normal-font-size\">Mode f\u00fcr jeden Anlass<\/p>\n\n\n\n<p class=\"has-text-align-left has-normal-font-size\">Hochzeitskleider<\/p>\n\n\n\n<p class=\"has-text-align-left has-normal-font-size\">Extravagante Tanz-, Ball- und Partykleider<\/p>\n\n\n\n<p class=\"has-text-align-left has-normal-font-size\">Exklusive Casual-Looks<\/p>\n\n\n\n<p class=\"has-text-align-left has-normal-font-size\"><mark style=\"background-color:rgba(0, 0, 0, 0)\" class=\"has-inline-color has-headings-color\">Businessmode<\/mark><\/p>\n\n\n\n<p>individuelle Accessoires und vieles mehr<\/p>\n<\/div><\/div>\n\n\n\n<h2 class=\"has-headings-color has-text-color wp-block-heading\" id=\"individuelle-massanfertigung\">Individuelle Ma\u00dfanfertigung<\/h2>\n\n\n\n<p>Sie suchen ein Kleid oder Outfit ganz nach Ihren Vorstellungen? Keine Kompromisse in punkto Passform und Design, perfekt abgestimmt auf Ihre Figur, in Ihrer Lieblingsfarbe und aus hochwertigem Material. Gern auch in Biostoff, nachhaltig und regional produziert. Sie sch\u00e4tzen individuelle und freundliche Beratung?<\/p>\n\n\n\n<figure class=\"wp-block-image size-large\"><img decoding=\"async\" src=\"https:\/\/www.anettemaro.art\/wp-content\/uploads\/2022\/01\/cropped-cropped-Header_3-2022_nadeln_sepia-1024x261.jpg\" alt=\"\" class=\"wp-image-356\"\/><\/figure>\n\n\n\n<p class=\"has-accent-1-color has-text-color has-larger-font-size\">Sie m\u00f6chten sich das Erlebnis g\u00f6nnen, bei der Entstehung Ihres Kleides mitzuwirken? Dann sind Sie bei uns genau richtig! Melden Sie sich bei uns. Wir freuen uns auf Sie!<\/p>\n\n\n\n<h2 class=\"has-headings-color has-text-color wp-block-heading\" id=\"anderungsservice\">\u00c4nderungsservice<\/h2>\n\n\n\n<p>Die Hose zu lang, der Rock zu kurz? Die Naht geplatzt, der Rei\u00dfverschluss klemmt? Die Gardine schleift, der \u00c4rmel staucht? Wir helfen Ihnen gern bei Reparatur und Anpassung Ihrer Garderobe!<\/p>\n\n\n\n<p><\/p>\n","protected":false},"excerpt":{"rendered":"<p>Individuelle Ma\u00dfanfertigung &amp; \u00c4nderungsservice Wir fertigen f\u00fcr Sie: Mode f\u00fcr jeden Anlass Hochzeitskleider Extravagante Tanz-, Ball- und Partykleider Exklusive Casual-Looks Businessmode individuelle Accessoires und vieles &hellip;<\/p>\n","protected":false},"author":1,"featured_media":0,"parent":0,"menu_order":0,"comment_status":"closed","ping_status":"closed","template":"","meta":{"ngg_post_thumbnail":0,"footnotes":""},"class_list":["post-1879","page","type-page","status-publish","hentry"],"_links":{"self":[{"href":"http:\/\/massatelier-donath.de\/index.php?rest_route=\/wp\/v2\/pages\/1879","targetHints":{"allow":["GET"]}}],"collection":[{"href":"http:\/\/massatelier-donath.de\/index.php?rest_route=\/wp\/v2\/pages"}],"about":[{"href":"http:\/\/massatelier-donath.de\/index.php?rest_route=\/wp\/v2\/types\/page"}],"author":[{"embeddable":true,"href":"http:\/\/massatelier-donath.de\/index.php?rest_route=\/wp\/v2\/users\/1"}],"replies":[{"embeddable":true,"href":"http:\/\/massatelier-donath.de\/index.php?rest_route=%2Fwp%2Fv2%2Fcomments&post=1879"}],"version-history":[{"count":6,"href":"http:\/\/massatelier-donath.de\/index.php?rest_route=\/wp\/v2\/pages\/1879\/revisions"}],"predecessor-version":[{"id":2008,"href":"http:\/\/massatelier-donath.de\/index.php?rest_route=\/wp\/v2\/pages\/1879\/revisions\/2008"}],"wp:attachment":[{"href":"http:\/\/massatelier-donath.de\/index.php?rest_route=%2Fwp%2Fv2%2Fmedia&parent=1879"}],"curies":[{"name":"wp","href":"https:\/\/api.w.org\/{rel}","templated":true}]}}